{"id":300,"date":"2018-06-28T09:14:14","date_gmt":"2018-06-28T07:14:14","guid":{"rendered":"https:\/\/www.dev.desuet.fr\/DESUET2018\/?page_id=300"},"modified":"2018-08-21T09:45:41","modified_gmt":"2018-08-21T07:45:41","slug":"legal-mentions","status":"publish","type":"page","link":"https:\/\/www.desuet.fr\/en\/legal-mentions\/","title":{"rendered":"LEGAL MENTIONS"},"content":{"rendered":"<h2 class=\"TextIntro3\">Informations l\u00e9gales<\/h2>\n<div class=\"TextMentions\">Le site que vous visitez est la propri\u00e9t\u00e9 de:<br \/>\nDESUET<br \/>\n100 rue de guisnes<br \/>\n59200 TOURCOING<br \/>\nFRANCE<\/div>\n<h2 class=\"TextIntro3\">Donn\u00e9es personnelles<\/h2>\n<div class=\"TextMentions\">\n<p>Pour vous offrir des services adapt\u00e9s, nous pouvons \u00eatre amen\u00e9s \u00e0 vous demander de nous fournir des donn\u00e9es personnelles. DESUET s&#8217;engage \u00e0 respecter votre vie priv\u00e9e et \u00e0 prot\u00e9ger les informations que vous lui communiquez. En particulier, les donn\u00e9es personnelles collect\u00e9es sur le site sont destin\u00e9es \u00e0 l&#8217;usage de la soci\u00e9t\u00e9 DESUET. Elles sont confidentielles et trait\u00e9es comme telles. Elles ne pourront faire l&#8217;objet de cession \u00e0 des tiers.Conform\u00e9ment \u00e0 la loi Informatique et Libert\u00e9s du 6 Janvier 1978, vous disposez d&#8217;un droit d&#8217;acc\u00e8s, de rectification, de modification et de suppression des donn\u00e9es personnelles que vous nous avez communiqu\u00e9es. Vous pouvez exercer ce droit en envoyant un courrier \u00e9lectronique \u00e0 l&#8217;adresse <strong>bonjour@desuet.fr<\/strong> ou par lettre \u00e0 : DESUET\u00a0 &#8211;\u00a0100 rue de guisnes &#8211; 59200 TOURCOING &#8211; FRANCE.<\/p>\n<p>Si vous \u00eates abonn\u00e9s \u00e0 des services d&#8217;information par courrier \u00e9lectronique (&#8220;Newsletter&#8221;) vous pouvez demander \u00e0 ne plus recevoir ces courriers soit comme indiqu\u00e9 ci-dessus, soit en suivant les instructions figurant en fin de chacun de ces courriers, lorsque vous les recevez.<\/p>\n<p>Pour toute information sur la protection des donn\u00e9es personnelles, vous pouvez consulter le site de la Commission Informatique et Libert\u00e9 <a href=\"http:\/\/www.cnil.fr\/\" target=\"_blank\" rel=\"noopener\">(http:\/\/www.cnil.fr\/)<\/a><\/p>\n<\/div>\n<div class=\"TextMentions\"><\/div>\n<div class=\"TextMentions\"><\/div>\n<h2 class=\"TextIntro3\">Propri\u00e9t\u00e9 intellectuelle<\/h2>\n<p>L&#8217;ensemble des \u00e9l\u00e9ments \u00e9dit\u00e9s sur ce site, incluant notamment les textes, photographies, infographies, logos, marques, etc. constituent des oeuvres au sens du code de la Propri\u00e9t\u00e9 Intellectuelle.<\/p>\n<div class=\"TextMentions\">En cons\u00e9quence, toute repr\u00e9sentation ou reproduction, int\u00e9grale ou partielle, qui pourrait \u00eatre faite sans le consentement de leurs auteurs ou de leurs ayants-droit, est illicite.<\/div>\n","protected":false},"excerpt":{"rendered":"<p>Informations l\u00e9gales Le site que vous visitez est la propri\u00e9t\u00e9 de: DESUET 100 rue de guisnes 59200 TOURCOING FRANCE Donn\u00e9es personnelles Pour vous offrir des services adapt\u00e9s, nous pouvons \u00eatre amen\u00e9s \u00e0 vous demander de nous fournir des donn\u00e9es personnelles. DESUET s&#8217;engage \u00e0 respecter votre vie priv\u00e9e et \u00e0 prot\u00e9ger les informations que vous lui [&hellip;]<\/p>\n","protected":false},"author":1,"featured_media":0,"parent":0,"menu_order":0,"comment_status":"closed","ping_status":"closed","template":"template-fullwidth.php","meta":{"inline_featured_image":false,"footnotes":""},"class_list":["post-300","page","type-page","status-publish","hentry"],"yoast_head":"<!-- This site is optimized with the Yoast SEO plugin v27.3 - https:\/\/yoast.com\/product\/yoast-seo-wordpress\/ -->\n<title>LEGAL MENTIONS - DESUET : Brocante et objet<\/title>\n<meta name=\"robots\" content=\"index, follow, max-snippet:-1, max-image-preview:large, max-video-preview:-1\" \/>\n<link rel=\"canonical\" href=\"https:\/\/www.desuet.fr\/en\/legal-mentions\/\" \/>\n<meta property=\"og:locale\" content=\"en_US\" \/>\n<meta property=\"og:type\" content=\"article\" \/>\n<meta property=\"og:title\" content=\"LEGAL MENTIONS - DESUET : Brocante et objet\" \/>\n<meta property=\"og:description\" content=\"Informations l\u00e9gales Le site que vous visitez est la propri\u00e9t\u00e9 de: DESUET 100 rue de guisnes 59200 TOURCOING FRANCE Donn\u00e9es personnelles Pour vous offrir des services adapt\u00e9s, nous pouvons \u00eatre amen\u00e9s \u00e0 vous demander de nous fournir des donn\u00e9es personnelles. DESUET s&#8217;engage \u00e0 respecter votre vie priv\u00e9e et \u00e0 prot\u00e9ger les informations que vous lui [&hellip;]\" \/>\n<meta property=\"og:url\" content=\"https:\/\/www.desuet.fr\/en\/legal-mentions\/\" \/>\n<meta property=\"og:site_name\" content=\"DESUET : Brocante et objet\" \/>\n<meta property=\"article:modified_time\" content=\"2018-08-21T07:45:41+00:00\" \/>\n<meta name=\"twitter:card\" content=\"summary_large_image\" \/>\n<meta name=\"twitter:label1\" content=\"Est. reading time\" \/>\n\t<meta name=\"twitter:data1\" content=\"1 minute\" \/>\n<script type=\"application\/ld+json\" class=\"yoast-schema-graph\">{\"@context\":\"https:\\\/\\\/schema.org\",\"@graph\":[{\"@type\":\"WebPage\",\"@id\":\"https:\\\/\\\/www.desuet.fr\\\/en\\\/legal-mentions\\\/\",\"url\":\"https:\\\/\\\/www.desuet.fr\\\/en\\\/legal-mentions\\\/\",\"name\":\"LEGAL MENTIONS - DESUET : Brocante et objet\",\"isPartOf\":{\"@id\":\"https:\\\/\\\/www.desuet.fr\\\/#website\"},\"datePublished\":\"2018-06-28T07:14:14+00:00\",\"dateModified\":\"2018-08-21T07:45:41+00:00\",\"inLanguage\":\"en-US\",\"potentialAction\":[{\"@type\":\"ReadAction\",\"target\":[\"https:\\\/\\\/www.desuet.fr\\\/en\\\/legal-mentions\\\/\"]}]},{\"@type\":\"WebSite\",\"@id\":\"https:\\\/\\\/www.desuet.fr\\\/#website\",\"url\":\"https:\\\/\\\/www.desuet.fr\\\/\",\"name\":\"DESUET : Brocante et objet\",\"description\":\"Vente en ligne meubles et objets d\u00e9cos\",\"publisher\":{\"@id\":\"https:\\\/\\\/www.desuet.fr\\\/#organization\"},\"potentialAction\":[{\"@type\":\"SearchAction\",\"target\":{\"@type\":\"EntryPoint\",\"urlTemplate\":\"https:\\\/\\\/www.desuet.fr\\\/?s={search_term_string}\"},\"query-input\":{\"@type\":\"PropertyValueSpecification\",\"valueRequired\":true,\"valueName\":\"search_term_string\"}}],\"inLanguage\":\"en-US\"},{\"@type\":\"Organization\",\"@id\":\"https:\\\/\\\/www.desuet.fr\\\/#organization\",\"name\":\"DESUET : Brocante et objet\",\"url\":\"https:\\\/\\\/www.desuet.fr\\\/\",\"logo\":{\"@type\":\"ImageObject\",\"inLanguage\":\"en-US\",\"@id\":\"https:\\\/\\\/www.desuet.fr\\\/#\\\/schema\\\/logo\\\/image\\\/\",\"url\":\"https:\\\/\\\/www.desuet.fr\\\/DESUET2018\\\/wp-content\\\/uploads\\\/2024\\\/01\\\/desuetLogo.svg\",\"contentUrl\":\"https:\\\/\\\/www.desuet.fr\\\/DESUET2018\\\/wp-content\\\/uploads\\\/2024\\\/01\\\/desuetLogo.svg\",\"caption\":\"DESUET : Brocante et objet\"},\"image\":{\"@id\":\"https:\\\/\\\/www.desuet.fr\\\/#\\\/schema\\\/logo\\\/image\\\/\"}}]}<\/script>\n<!-- \/ Yoast SEO plugin. -->","yoast_head_json":{"title":"LEGAL MENTIONS - DESUET : Brocante et objet","robots":{"index":"index","follow":"follow","max-snippet":"max-snippet:-1","max-image-preview":"max-image-preview:large","max-video-preview":"max-video-preview:-1"},"canonical":"https:\/\/www.desuet.fr\/en\/legal-mentions\/","og_locale":"en_US","og_type":"article","og_title":"LEGAL MENTIONS - DESUET : Brocante et objet","og_description":"Informations l\u00e9gales Le site que vous visitez est la propri\u00e9t\u00e9 de: DESUET 100 rue de guisnes 59200 TOURCOING FRANCE Donn\u00e9es personnelles Pour vous offrir des services adapt\u00e9s, nous pouvons \u00eatre amen\u00e9s \u00e0 vous demander de nous fournir des donn\u00e9es personnelles. DESUET s&#8217;engage \u00e0 respecter votre vie priv\u00e9e et \u00e0 prot\u00e9ger les informations que vous lui [&hellip;]","og_url":"https:\/\/www.desuet.fr\/en\/legal-mentions\/","og_site_name":"DESUET : Brocante et objet","article_modified_time":"2018-08-21T07:45:41+00:00","twitter_card":"summary_large_image","twitter_misc":{"Est. reading time":"1 minute"},"schema":{"@context":"https:\/\/schema.org","@graph":[{"@type":"WebPage","@id":"https:\/\/www.desuet.fr\/en\/legal-mentions\/","url":"https:\/\/www.desuet.fr\/en\/legal-mentions\/","name":"LEGAL MENTIONS - DESUET : Brocante et objet","isPartOf":{"@id":"https:\/\/www.desuet.fr\/#website"},"datePublished":"2018-06-28T07:14:14+00:00","dateModified":"2018-08-21T07:45:41+00:00","inLanguage":"en-US","potentialAction":[{"@type":"ReadAction","target":["https:\/\/www.desuet.fr\/en\/legal-mentions\/"]}]},{"@type":"WebSite","@id":"https:\/\/www.desuet.fr\/#website","url":"https:\/\/www.desuet.fr\/","name":"DESUET : Brocante et objet","description":"Vente en ligne meubles et objets d\u00e9cos","publisher":{"@id":"https:\/\/www.desuet.fr\/#organization"},"potentialAction":[{"@type":"SearchAction","target":{"@type":"EntryPoint","urlTemplate":"https:\/\/www.desuet.fr\/?s={search_term_string}"},"query-input":{"@type":"PropertyValueSpecification","valueRequired":true,"valueName":"search_term_string"}}],"inLanguage":"en-US"},{"@type":"Organization","@id":"https:\/\/www.desuet.fr\/#organization","name":"DESUET : Brocante et objet","url":"https:\/\/www.desuet.fr\/","logo":{"@type":"ImageObject","inLanguage":"en-US","@id":"https:\/\/www.desuet.fr\/#\/schema\/logo\/image\/","url":"https:\/\/www.desuet.fr\/DESUET2018\/wp-content\/uploads\/2024\/01\/desuetLogo.svg","contentUrl":"https:\/\/www.desuet.fr\/DESUET2018\/wp-content\/uploads\/2024\/01\/desuetLogo.svg","caption":"DESUET : Brocante et objet"},"image":{"@id":"https:\/\/www.desuet.fr\/#\/schema\/logo\/image\/"}}]}},"_links":{"self":[{"href":"https:\/\/www.desuet.fr\/en\/wp-json\/wp\/v2\/pages\/300","targetHints":{"allow":["GET"]}}],"collection":[{"href":"https:\/\/www.desuet.fr\/en\/wp-json\/wp\/v2\/pages"}],"about":[{"href":"https:\/\/www.desuet.fr\/en\/wp-json\/wp\/v2\/types\/page"}],"author":[{"embeddable":true,"href":"https:\/\/www.desuet.fr\/en\/wp-json\/wp\/v2\/users\/1"}],"replies":[{"embeddable":true,"href":"https:\/\/www.desuet.fr\/en\/wp-json\/wp\/v2\/comments?post=300"}],"version-history":[{"count":2,"href":"https:\/\/www.desuet.fr\/en\/wp-json\/wp\/v2\/pages\/300\/revisions"}],"predecessor-version":[{"id":1041,"href":"https:\/\/www.desuet.fr\/en\/wp-json\/wp\/v2\/pages\/300\/revisions\/1041"}],"wp:attachment":[{"href":"https:\/\/www.desuet.fr\/en\/wp-json\/wp\/v2\/media?parent=300"}],"curies":[{"name":"wp","href":"https:\/\/api.w.org\/{rel}","templated":true}]}}