{"id":17617,"date":"2022-02-10T12:09:21","date_gmt":"2022-02-10T10:42:15","guid":{"rendered":"https:\/\/www.desuet.fr\/?post_type=product&#038;p=17617"},"modified":"2023-05-07T11:58:42","modified_gmt":"2023-05-07T09:58:42","slug":"self-portrait-with-a-cigarette","status":"publish","type":"product","link":"https:\/\/www.desuet.fr\/en\/produit\/self-portrait-with-a-cigarette\/","title":{"rendered":"Self-portrait with a cigarette"},"content":{"rendered":"<p>Peinture sur toile milieu XX\u00e8me.<br \/>\nPortrait impressionniste, dont la technique picturale se caract\u00e9rise par des zones de couleurs juxtapos\u00e9es cr\u00e9ant ainsi un mouvement.<br \/>\nDimensions: 49,5&#215;39,5cm<\/p>\n","protected":false},"excerpt":{"rendered":"<p>Peinture sur toile milieu XX\u00e8me.<br \/>\nPortrait impressionniste, dont la technique picturale se caract\u00e9rise par des zones de couleurs juxtapos\u00e9es cr\u00e9ant ainsi un mouvement.<br \/>\nDimensions: 49,5&#215;39,5cm<\/p>\n","protected":false},"featured_media":17606,"template":"","meta":{"inline_featured_image":false},"product_brand":[],"product_cat":[89,72],"product_tag":[],"class_list":{"0":"post-17617","1":"product","2":"type-product","3":"status-publish","4":"has-post-thumbnail","6":"product_cat-art-objects","7":"product_cat-interior","8":"product_shipping_class-colissimo-et-autres","10":"first","11":"instock","12":"purchasable","13":"product-type-simple"},"yoast_head":"<!-- This site is optimized with the Yoast SEO plugin v27.3 - https:\/\/yoast.com\/product\/yoast-seo-wordpress\/ -->\n<title>Self-portrait with a cigarette - DESUET : Brocante et objet<\/title>\n<meta name=\"robots\" content=\"index, follow, max-snippet:-1, max-image-preview:large, max-video-preview:-1\" \/>\n<link rel=\"canonical\" href=\"https:\/\/www.desuet.fr\/en\/produit\/self-portrait-with-a-cigarette\/\" \/>\n<meta property=\"og:locale\" content=\"en_US\" \/>\n<meta property=\"og:type\" content=\"article\" \/>\n<meta property=\"og:title\" content=\"Self-portrait with a cigarette - DESUET : Brocante et objet\" \/>\n<meta property=\"og:description\" content=\"Peinture sur toile milieu XX\u00e8me. Portrait impressionniste, dont la technique picturale se caract\u00e9rise par des zones de couleurs juxtapos\u00e9es cr\u00e9ant ainsi un mouvement. Dimensions: 49,5x39,5cm\" \/>\n<meta property=\"og:url\" content=\"https:\/\/www.desuet.fr\/en\/produit\/self-portrait-with-a-cigarette\/\" \/>\n<meta property=\"og:site_name\" content=\"DESUET : Brocante et objet\" \/>\n<meta property=\"article:modified_time\" content=\"2023-05-07T09:58:42+00:00\" \/>\n<meta property=\"og:image\" content=\"https:\/\/www.desuet.fr\/DESUET2018\/wp-content\/uploads\/2022\/02\/DE_386_A.jpg\" \/>\n\t<meta property=\"og:image:width\" content=\"1000\" \/>\n\t<meta property=\"og:image:height\" content=\"1000\" \/>\n\t<meta property=\"og:image:type\" content=\"image\/jpeg\" \/>\n<meta name=\"twitter:card\" content=\"summary_large_image\" \/>\n<meta name=\"twitter:label1\" content=\"Est. reading time\" \/>\n\t<meta name=\"twitter:data1\" content=\"1 minute\" \/>\n<script type=\"application\/ld+json\" class=\"yoast-schema-graph\">{\"@context\":\"https:\\\/\\\/schema.org\",\"@graph\":[{\"@type\":\"WebPage\",\"@id\":\"https:\\\/\\\/www.desuet.fr\\\/en\\\/produit\\\/self-portrait-with-a-cigarette\\\/\",\"url\":\"https:\\\/\\\/www.desuet.fr\\\/en\\\/produit\\\/self-portrait-with-a-cigarette\\\/\",\"name\":\"Self-portrait with a cigarette - DESUET : Brocante et objet\",\"isPartOf\":{\"@id\":\"https:\\\/\\\/www.desuet.fr\\\/#website\"},\"primaryImageOfPage\":{\"@id\":\"https:\\\/\\\/www.desuet.fr\\\/en\\\/produit\\\/self-portrait-with-a-cigarette\\\/#primaryimage\"},\"image\":{\"@id\":\"https:\\\/\\\/www.desuet.fr\\\/en\\\/produit\\\/self-portrait-with-a-cigarette\\\/#primaryimage\"},\"thumbnailUrl\":\"https:\\\/\\\/www.desuet.fr\\\/DESUET2018\\\/wp-content\\\/uploads\\\/2022\\\/02\\\/DE_386_A.jpg\",\"datePublished\":\"2022-02-10T10:42:15+00:00\",\"dateModified\":\"2023-05-07T09:58:42+00:00\",\"breadcrumb\":{\"@id\":\"https:\\\/\\\/www.desuet.fr\\\/en\\\/produit\\\/self-portrait-with-a-cigarette\\\/#breadcrumb\"},\"inLanguage\":\"en-US\",\"potentialAction\":[{\"@type\":\"ReadAction\",\"target\":[\"https:\\\/\\\/www.desuet.fr\\\/en\\\/produit\\\/self-portrait-with-a-cigarette\\\/\"]}]},{\"@type\":\"ImageObject\",\"inLanguage\":\"en-US\",\"@id\":\"https:\\\/\\\/www.desuet.fr\\\/en\\\/produit\\\/self-portrait-with-a-cigarette\\\/#primaryimage\",\"url\":\"https:\\\/\\\/www.desuet.fr\\\/DESUET2018\\\/wp-content\\\/uploads\\\/2022\\\/02\\\/DE_386_A.jpg\",\"contentUrl\":\"https:\\\/\\\/www.desuet.fr\\\/DESUET2018\\\/wp-content\\\/uploads\\\/2022\\\/02\\\/DE_386_A.jpg\",\"width\":1000,\"height\":1000,\"caption\":\"Autoportrait \u00e0 la cigarette\"},{\"@type\":\"BreadcrumbList\",\"@id\":\"https:\\\/\\\/www.desuet.fr\\\/en\\\/produit\\\/self-portrait-with-a-cigarette\\\/#breadcrumb\",\"itemListElement\":[{\"@type\":\"ListItem\",\"position\":1,\"name\":\"Shop\",\"item\":\"https:\\\/\\\/www.desuet.fr\\\/en\\\/shop\\\/\"},{\"@type\":\"ListItem\",\"position\":2,\"name\":\"Self-portrait with a cigarette\"}]},{\"@type\":\"WebSite\",\"@id\":\"https:\\\/\\\/www.desuet.fr\\\/#website\",\"url\":\"https:\\\/\\\/www.desuet.fr\\\/\",\"name\":\"DESUET : Brocante et objet\",\"description\":\"Vente en ligne meubles et objets d\u00e9cos\",\"publisher\":{\"@id\":\"https:\\\/\\\/www.desuet.fr\\\/#organization\"},\"potentialAction\":[{\"@type\":\"SearchAction\",\"target\":{\"@type\":\"EntryPoint\",\"urlTemplate\":\"https:\\\/\\\/www.desuet.fr\\\/?s={search_term_string}\"},\"query-input\":{\"@type\":\"PropertyValueSpecification\",\"valueRequired\":true,\"valueName\":\"search_term_string\"}}],\"inLanguage\":\"en-US\"},{\"@type\":\"Organization\",\"@id\":\"https:\\\/\\\/www.desuet.fr\\\/#organization\",\"name\":\"DESUET : Brocante et objet\",\"url\":\"https:\\\/\\\/www.desuet.fr\\\/\",\"logo\":{\"@type\":\"ImageObject\",\"inLanguage\":\"en-US\",\"@id\":\"https:\\\/\\\/www.desuet.fr\\\/#\\\/schema\\\/logo\\\/image\\\/\",\"url\":\"https:\\\/\\\/www.desuet.fr\\\/DESUET2018\\\/wp-content\\\/uploads\\\/2024\\\/01\\\/desuetLogo.svg\",\"contentUrl\":\"https:\\\/\\\/www.desuet.fr\\\/DESUET2018\\\/wp-content\\\/uploads\\\/2024\\\/01\\\/desuetLogo.svg\",\"caption\":\"DESUET : Brocante et objet\"},\"image\":{\"@id\":\"https:\\\/\\\/www.desuet.fr\\\/#\\\/schema\\\/logo\\\/image\\\/\"}}]}<\/script>\n<!-- \/ Yoast SEO plugin. -->","yoast_head_json":{"title":"Self-portrait with a cigarette - DESUET : Brocante et objet","robots":{"index":"index","follow":"follow","max-snippet":"max-snippet:-1","max-image-preview":"max-image-preview:large","max-video-preview":"max-video-preview:-1"},"canonical":"https:\/\/www.desuet.fr\/en\/produit\/self-portrait-with-a-cigarette\/","og_locale":"en_US","og_type":"article","og_title":"Self-portrait with a cigarette - DESUET : Brocante et objet","og_description":"Peinture sur toile milieu XX\u00e8me. Portrait impressionniste, dont la technique picturale se caract\u00e9rise par des zones de couleurs juxtapos\u00e9es cr\u00e9ant ainsi un mouvement. Dimensions: 49,5x39,5cm","og_url":"https:\/\/www.desuet.fr\/en\/produit\/self-portrait-with-a-cigarette\/","og_site_name":"DESUET : Brocante et objet","article_modified_time":"2023-05-07T09:58:42+00:00","og_image":[{"width":1000,"height":1000,"url":"https:\/\/www.desuet.fr\/DESUET2018\/wp-content\/uploads\/2022\/02\/DE_386_A.jpg","type":"image\/jpeg"}],"twitter_card":"summary_large_image","twitter_misc":{"Est. reading time":"1 minute"},"schema":{"@context":"https:\/\/schema.org","@graph":[{"@type":"WebPage","@id":"https:\/\/www.desuet.fr\/en\/produit\/self-portrait-with-a-cigarette\/","url":"https:\/\/www.desuet.fr\/en\/produit\/self-portrait-with-a-cigarette\/","name":"Self-portrait with a cigarette - DESUET : Brocante et objet","isPartOf":{"@id":"https:\/\/www.desuet.fr\/#website"},"primaryImageOfPage":{"@id":"https:\/\/www.desuet.fr\/en\/produit\/self-portrait-with-a-cigarette\/#primaryimage"},"image":{"@id":"https:\/\/www.desuet.fr\/en\/produit\/self-portrait-with-a-cigarette\/#primaryimage"},"thumbnailUrl":"https:\/\/www.desuet.fr\/DESUET2018\/wp-content\/uploads\/2022\/02\/DE_386_A.jpg","datePublished":"2022-02-10T10:42:15+00:00","dateModified":"2023-05-07T09:58:42+00:00","breadcrumb":{"@id":"https:\/\/www.desuet.fr\/en\/produit\/self-portrait-with-a-cigarette\/#breadcrumb"},"inLanguage":"en-US","potentialAction":[{"@type":"ReadAction","target":["https:\/\/www.desuet.fr\/en\/produit\/self-portrait-with-a-cigarette\/"]}]},{"@type":"ImageObject","inLanguage":"en-US","@id":"https:\/\/www.desuet.fr\/en\/produit\/self-portrait-with-a-cigarette\/#primaryimage","url":"https:\/\/www.desuet.fr\/DESUET2018\/wp-content\/uploads\/2022\/02\/DE_386_A.jpg","contentUrl":"https:\/\/www.desuet.fr\/DESUET2018\/wp-content\/uploads\/2022\/02\/DE_386_A.jpg","width":1000,"height":1000,"caption":"Autoportrait \u00e0 la cigarette"},{"@type":"BreadcrumbList","@id":"https:\/\/www.desuet.fr\/en\/produit\/self-portrait-with-a-cigarette\/#breadcrumb","itemListElement":[{"@type":"ListItem","position":1,"name":"Shop","item":"https:\/\/www.desuet.fr\/en\/shop\/"},{"@type":"ListItem","position":2,"name":"Self-portrait with a cigarette"}]},{"@type":"WebSite","@id":"https:\/\/www.desuet.fr\/#website","url":"https:\/\/www.desuet.fr\/","name":"DESUET : Brocante et objet","description":"Vente en ligne meubles et objets d\u00e9cos","publisher":{"@id":"https:\/\/www.desuet.fr\/#organization"},"potentialAction":[{"@type":"SearchAction","target":{"@type":"EntryPoint","urlTemplate":"https:\/\/www.desuet.fr\/?s={search_term_string}"},"query-input":{"@type":"PropertyValueSpecification","valueRequired":true,"valueName":"search_term_string"}}],"inLanguage":"en-US"},{"@type":"Organization","@id":"https:\/\/www.desuet.fr\/#organization","name":"DESUET : Brocante et objet","url":"https:\/\/www.desuet.fr\/","logo":{"@type":"ImageObject","inLanguage":"en-US","@id":"https:\/\/www.desuet.fr\/#\/schema\/logo\/image\/","url":"https:\/\/www.desuet.fr\/DESUET2018\/wp-content\/uploads\/2024\/01\/desuetLogo.svg","contentUrl":"https:\/\/www.desuet.fr\/DESUET2018\/wp-content\/uploads\/2024\/01\/desuetLogo.svg","caption":"DESUET : Brocante et objet"},"image":{"@id":"https:\/\/www.desuet.fr\/#\/schema\/logo\/image\/"}}]}},"_links":{"self":[{"href":"https:\/\/www.desuet.fr\/en\/wp-json\/wp\/v2\/product\/17617","targetHints":{"allow":["GET"]}}],"collection":[{"href":"https:\/\/www.desuet.fr\/en\/wp-json\/wp\/v2\/product"}],"about":[{"href":"https:\/\/www.desuet.fr\/en\/wp-json\/wp\/v2\/types\/product"}],"wp:featuredmedia":[{"embeddable":true,"href":"https:\/\/www.desuet.fr\/en\/wp-json\/wp\/v2\/media\/17606"}],"wp:attachment":[{"href":"https:\/\/www.desuet.fr\/en\/wp-json\/wp\/v2\/media?parent=17617"}],"wp:term":[{"taxonomy":"product_brand","embeddable":true,"href":"https:\/\/www.desuet.fr\/en\/wp-json\/wp\/v2\/product_brand?post=17617"},{"taxonomy":"product_cat","embeddable":true,"href":"https:\/\/www.desuet.fr\/en\/wp-json\/wp\/v2\/product_cat?post=17617"},{"taxonomy":"product_tag","embeddable":true,"href":"https:\/\/www.desuet.fr\/en\/wp-json\/wp\/v2\/product_tag?post=17617"}],"curies":[{"name":"wp","href":"https:\/\/api.w.org\/{rel}","templated":true}]}}