{"id":29426,"date":"2023-06-15T13:32:01","date_gmt":"2023-06-15T13:34:02","guid":{"rendered":"https:\/\/www.desuet.fr\/?post_type=product&#038;p=29426"},"modified":"2023-06-15T15:34:03","modified_gmt":"2023-06-15T13:34:03","slug":"church-window","status":"publish","type":"product","link":"https:\/\/www.desuet.fr\/en\/produit\/church-window\/","title":{"rendered":"Church window"},"content":{"rendered":"<p>Window from mid century with colored glasses.<br \/>\nMetal chassis, original patina.<br \/>\nDecorative and colored glasses. Some lack of tiles.<br \/>\nA &#8211; B: Height: 239cm, width: 77cm, depth: 2,5cm<br \/>\nC &#8211; D &#8211; E &#8211; F: Height: 239cm, width: 65cm, depth: 2,5cm<br \/>\nG &#8211; H &#8211; I &#8211; J: Height: 198cm, width: 65cm, depth: 2,5cm<\/p>\n","protected":false},"excerpt":{"rendered":"<p>Window from mid century with colored glasses.<br \/>\nMetal chassis, original patina.<br \/>\nDecorative and colored glasses. Some lack of tiles.<br \/>\nA &#8211; B: Height: 239cm, width: 77cm, depth: 2,5cm<br \/>\nC &#8211; D &#8211; E &#8211; F: Height: 239cm, width: 65cm, depth: 2,5cm<br \/>\nG &#8211; H &#8211; I &#8211; J: Height: 198cm, width: 65cm, depth: 2,5cm<\/p>\n","protected":false},"featured_media":29386,"template":"","meta":{"inline_featured_image":false},"product_brand":[],"product_cat":[72,144,170],"product_tag":[],"class_list":{"0":"post-29426","1":"product","2":"type-product","3":"status-publish","4":"has-post-thumbnail","6":"product_cat-interior","7":"product_cat-materials-architecture","8":"product_cat-shutters-windows","9":"product_shipping_class-transporteur-uniquement","11":"first","12":"instock","13":"purchasable","14":"product-type-variable"},"yoast_head":"<!-- This site is optimized with the Yoast SEO plugin v27.1.1 - https:\/\/yoast.com\/product\/yoast-seo-wordpress\/ -->\n<title>Church window - DESUET : Brocante et objet<\/title>\n<meta name=\"robots\" content=\"index, follow, max-snippet:-1, max-image-preview:large, max-video-preview:-1\" \/>\n<link rel=\"canonical\" href=\"https:\/\/www.desuet.fr\/en\/produit\/church-window\/\" \/>\n<meta property=\"og:locale\" content=\"en_US\" \/>\n<meta property=\"og:type\" content=\"article\" \/>\n<meta property=\"og:title\" content=\"Church window - DESUET : Brocante et objet\" \/>\n<meta property=\"og:description\" content=\"Window from mid century with colored glasses. Metal chassis, original patina. Decorative and colored glasses. Some lack of tiles. A - B: Height: 239cm, width: 77cm, depth: 2,5cm C - D - E - F: Height: 239cm, width: 65cm, depth: 2,5cm G - H - I - J: Height: 198cm, width: 65cm, depth: 2,5cm\" \/>\n<meta property=\"og:url\" content=\"https:\/\/www.desuet.fr\/en\/produit\/church-window\/\" \/>\n<meta property=\"og:site_name\" content=\"DESUET : Brocante et objet\" \/>\n<meta property=\"article:modified_time\" content=\"2023-06-15T13:34:03+00:00\" \/>\n<meta property=\"og:image\" content=\"https:\/\/www.desuet.fr\/DESUET2018\/wp-content\/uploads\/2023\/06\/DE_819_A.jpg\" \/>\n\t<meta property=\"og:image:width\" content=\"1065\" \/>\n\t<meta property=\"og:image:height\" content=\"1065\" \/>\n\t<meta property=\"og:image:type\" content=\"image\/jpeg\" \/>\n<meta name=\"twitter:card\" content=\"summary_large_image\" \/>\n<meta name=\"twitter:label1\" content=\"Est. reading time\" \/>\n\t<meta name=\"twitter:data1\" content=\"1 minute\" \/>\n<script type=\"application\/ld+json\" class=\"yoast-schema-graph\">{\"@context\":\"https:\/\/schema.org\",\"@graph\":[{\"@type\":\"WebPage\",\"@id\":\"https:\/\/www.desuet.fr\/en\/produit\/church-window\/\",\"url\":\"https:\/\/www.desuet.fr\/en\/produit\/church-window\/\",\"name\":\"Church window - DESUET : Brocante et objet\",\"isPartOf\":{\"@id\":\"https:\/\/www.desuet.fr\/#website\"},\"primaryImageOfPage\":{\"@id\":\"https:\/\/www.desuet.fr\/en\/produit\/church-window\/#primaryimage\"},\"image\":{\"@id\":\"https:\/\/www.desuet.fr\/en\/produit\/church-window\/#primaryimage\"},\"thumbnailUrl\":\"https:\/\/www.desuet.fr\/DESUET2018\/wp-content\/uploads\/2023\/06\/DE_819_A.jpg\",\"datePublished\":\"2023-06-15T13:34:02+00:00\",\"dateModified\":\"2023-06-15T13:34:03+00:00\",\"breadcrumb\":{\"@id\":\"https:\/\/www.desuet.fr\/en\/produit\/church-window\/#breadcrumb\"},\"inLanguage\":\"en-US\",\"potentialAction\":[{\"@type\":\"ReadAction\",\"target\":[\"https:\/\/www.desuet.fr\/en\/produit\/church-window\/\"]}]},{\"@type\":\"ImageObject\",\"inLanguage\":\"en-US\",\"@id\":\"https:\/\/www.desuet.fr\/en\/produit\/church-window\/#primaryimage\",\"url\":\"https:\/\/www.desuet.fr\/DESUET2018\/wp-content\/uploads\/2023\/06\/DE_819_A.jpg\",\"contentUrl\":\"https:\/\/www.desuet.fr\/DESUET2018\/wp-content\/uploads\/2023\/06\/DE_819_A.jpg\",\"width\":1065,\"height\":1065,\"caption\":\"Fen\u00eatre d\u2019\u00e9glise Verres d\u00e9coratifs et color\u00e9s\"},{\"@type\":\"BreadcrumbList\",\"@id\":\"https:\/\/www.desuet.fr\/en\/produit\/church-window\/#breadcrumb\",\"itemListElement\":[{\"@type\":\"ListItem\",\"position\":1,\"name\":\"Shop\",\"item\":\"https:\/\/www.desuet.fr\/en\/shop\/\"},{\"@type\":\"ListItem\",\"position\":2,\"name\":\"Church window\"}]},{\"@type\":\"WebSite\",\"@id\":\"https:\/\/www.desuet.fr\/#website\",\"url\":\"https:\/\/www.desuet.fr\/\",\"name\":\"DESUET : Brocante et objet\",\"description\":\"Vente en ligne meubles et objets d\u00e9cos\",\"publisher\":{\"@id\":\"https:\/\/www.desuet.fr\/#organization\"},\"potentialAction\":[{\"@type\":\"SearchAction\",\"target\":{\"@type\":\"EntryPoint\",\"urlTemplate\":\"https:\/\/www.desuet.fr\/?s={search_term_string}\"},\"query-input\":{\"@type\":\"PropertyValueSpecification\",\"valueRequired\":true,\"valueName\":\"search_term_string\"}}],\"inLanguage\":\"en-US\"},{\"@type\":\"Organization\",\"@id\":\"https:\/\/www.desuet.fr\/#organization\",\"name\":\"DESUET : Brocante et objet\",\"url\":\"https:\/\/www.desuet.fr\/\",\"logo\":{\"@type\":\"ImageObject\",\"inLanguage\":\"en-US\",\"@id\":\"https:\/\/www.desuet.fr\/#\/schema\/logo\/image\/\",\"url\":\"https:\/\/www.desuet.fr\/DESUET2018\/wp-content\/uploads\/2024\/01\/desuetLogo.svg\",\"contentUrl\":\"https:\/\/www.desuet.fr\/DESUET2018\/wp-content\/uploads\/2024\/01\/desuetLogo.svg\",\"caption\":\"DESUET : Brocante et objet\"},\"image\":{\"@id\":\"https:\/\/www.desuet.fr\/#\/schema\/logo\/image\/\"}}]}<\/script>\n<!-- \/ Yoast SEO plugin. -->","yoast_head_json":{"title":"Church window - DESUET : Brocante et objet","robots":{"index":"index","follow":"follow","max-snippet":"max-snippet:-1","max-image-preview":"max-image-preview:large","max-video-preview":"max-video-preview:-1"},"canonical":"https:\/\/www.desuet.fr\/en\/produit\/church-window\/","og_locale":"en_US","og_type":"article","og_title":"Church window - DESUET : Brocante et objet","og_description":"Window from mid century with colored glasses. Metal chassis, original patina. Decorative and colored glasses. Some lack of tiles. A - B: Height: 239cm, width: 77cm, depth: 2,5cm C - D - E - F: Height: 239cm, width: 65cm, depth: 2,5cm G - H - I - J: Height: 198cm, width: 65cm, depth: 2,5cm","og_url":"https:\/\/www.desuet.fr\/en\/produit\/church-window\/","og_site_name":"DESUET : Brocante et objet","article_modified_time":"2023-06-15T13:34:03+00:00","og_image":[{"width":1065,"height":1065,"url":"https:\/\/www.desuet.fr\/DESUET2018\/wp-content\/uploads\/2023\/06\/DE_819_A.jpg","type":"image\/jpeg"}],"twitter_card":"summary_large_image","twitter_misc":{"Est. reading time":"1 minute"},"schema":{"@context":"https:\/\/schema.org","@graph":[{"@type":"WebPage","@id":"https:\/\/www.desuet.fr\/en\/produit\/church-window\/","url":"https:\/\/www.desuet.fr\/en\/produit\/church-window\/","name":"Church window - DESUET : Brocante et objet","isPartOf":{"@id":"https:\/\/www.desuet.fr\/#website"},"primaryImageOfPage":{"@id":"https:\/\/www.desuet.fr\/en\/produit\/church-window\/#primaryimage"},"image":{"@id":"https:\/\/www.desuet.fr\/en\/produit\/church-window\/#primaryimage"},"thumbnailUrl":"https:\/\/www.desuet.fr\/DESUET2018\/wp-content\/uploads\/2023\/06\/DE_819_A.jpg","datePublished":"2023-06-15T13:34:02+00:00","dateModified":"2023-06-15T13:34:03+00:00","breadcrumb":{"@id":"https:\/\/www.desuet.fr\/en\/produit\/church-window\/#breadcrumb"},"inLanguage":"en-US","potentialAction":[{"@type":"ReadAction","target":["https:\/\/www.desuet.fr\/en\/produit\/church-window\/"]}]},{"@type":"ImageObject","inLanguage":"en-US","@id":"https:\/\/www.desuet.fr\/en\/produit\/church-window\/#primaryimage","url":"https:\/\/www.desuet.fr\/DESUET2018\/wp-content\/uploads\/2023\/06\/DE_819_A.jpg","contentUrl":"https:\/\/www.desuet.fr\/DESUET2018\/wp-content\/uploads\/2023\/06\/DE_819_A.jpg","width":1065,"height":1065,"caption":"Fen\u00eatre d\u2019\u00e9glise Verres d\u00e9coratifs et color\u00e9s"},{"@type":"BreadcrumbList","@id":"https:\/\/www.desuet.fr\/en\/produit\/church-window\/#breadcrumb","itemListElement":[{"@type":"ListItem","position":1,"name":"Shop","item":"https:\/\/www.desuet.fr\/en\/shop\/"},{"@type":"ListItem","position":2,"name":"Church window"}]},{"@type":"WebSite","@id":"https:\/\/www.desuet.fr\/#website","url":"https:\/\/www.desuet.fr\/","name":"DESUET : Brocante et objet","description":"Vente en ligne meubles et objets d\u00e9cos","publisher":{"@id":"https:\/\/www.desuet.fr\/#organization"},"potentialAction":[{"@type":"SearchAction","target":{"@type":"EntryPoint","urlTemplate":"https:\/\/www.desuet.fr\/?s={search_term_string}"},"query-input":{"@type":"PropertyValueSpecification","valueRequired":true,"valueName":"search_term_string"}}],"inLanguage":"en-US"},{"@type":"Organization","@id":"https:\/\/www.desuet.fr\/#organization","name":"DESUET : Brocante et objet","url":"https:\/\/www.desuet.fr\/","logo":{"@type":"ImageObject","inLanguage":"en-US","@id":"https:\/\/www.desuet.fr\/#\/schema\/logo\/image\/","url":"https:\/\/www.desuet.fr\/DESUET2018\/wp-content\/uploads\/2024\/01\/desuetLogo.svg","contentUrl":"https:\/\/www.desuet.fr\/DESUET2018\/wp-content\/uploads\/2024\/01\/desuetLogo.svg","caption":"DESUET : Brocante et objet"},"image":{"@id":"https:\/\/www.desuet.fr\/#\/schema\/logo\/image\/"}}]}},"_links":{"self":[{"href":"https:\/\/www.desuet.fr\/en\/wp-json\/wp\/v2\/product\/29426","targetHints":{"allow":["GET"]}}],"collection":[{"href":"https:\/\/www.desuet.fr\/en\/wp-json\/wp\/v2\/product"}],"about":[{"href":"https:\/\/www.desuet.fr\/en\/wp-json\/wp\/v2\/types\/product"}],"wp:featuredmedia":[{"embeddable":true,"href":"https:\/\/www.desuet.fr\/en\/wp-json\/wp\/v2\/media\/29386"}],"wp:attachment":[{"href":"https:\/\/www.desuet.fr\/en\/wp-json\/wp\/v2\/media?parent=29426"}],"wp:term":[{"taxonomy":"product_brand","embeddable":true,"href":"https:\/\/www.desuet.fr\/en\/wp-json\/wp\/v2\/product_brand?post=29426"},{"taxonomy":"product_cat","embeddable":true,"href":"https:\/\/www.desuet.fr\/en\/wp-json\/wp\/v2\/product_cat?post=29426"},{"taxonomy":"product_tag","embeddable":true,"href":"https:\/\/www.desuet.fr\/en\/wp-json\/wp\/v2\/product_tag?post=29426"}],"curies":[{"name":"wp","href":"https:\/\/api.w.org\/{rel}","templated":true}]}}