{"id":39872,"date":"2024-07-31T16:00:49","date_gmt":"2024-07-31T16:11:51","guid":{"rendered":"https:\/\/www.desuet.fr\/?post_type=product&#038;p=39872"},"modified":"2024-07-31T18:11:52","modified_gmt":"2024-07-31T16:11:52","slug":"art-brut-round-bowl","status":"publish","type":"product","link":"https:\/\/www.desuet.fr\/en\/produit\/art-brut-round-bowl\/","title":{"rendered":"Art brut round bowl"},"content":{"rendered":"<p>Large round bowl in enamelled earthenware.<\/p>\n<p>Very good condition.<\/p>\n<p>H. 12.5 cm D. 27 cm<\/p>\n","protected":false},"excerpt":{"rendered":"<p>Large round bowl in enamelled earthenware.<\/p>\n<p>Very good condition.<\/p>\n<p>H. 12.5 cm D. 27 cm<\/p>\n","protected":false},"featured_media":39859,"template":"","meta":{"inline_featured_image":false},"product_brand":[],"product_cat":[89,72],"product_tag":[],"class_list":{"0":"post-39872","1":"product","2":"type-product","3":"status-publish","4":"has-post-thumbnail","6":"product_cat-art-objects","7":"product_cat-interior","8":"product_shipping_class-colissimo-et-autres","10":"first","11":"instock","12":"purchasable","13":"product-type-simple"},"yoast_head":"<!-- This site is optimized with the Yoast SEO plugin v27.3 - https:\/\/yoast.com\/product\/yoast-seo-wordpress\/ -->\n<title>Art brut round bowl - DESUET : Brocante et objet<\/title>\n<meta name=\"robots\" content=\"index, follow, max-snippet:-1, max-image-preview:large, max-video-preview:-1\" \/>\n<link rel=\"canonical\" href=\"https:\/\/www.desuet.fr\/en\/produit\/art-brut-round-bowl\/\" \/>\n<meta property=\"og:locale\" content=\"en_US\" \/>\n<meta property=\"og:type\" content=\"article\" \/>\n<meta property=\"og:title\" content=\"Art brut round bowl - DESUET : Brocante et objet\" \/>\n<meta property=\"og:description\" content=\"Large round bowl in enamelled earthenware.  Very good condition.  H. 12.5 cm D. 27 cm\" \/>\n<meta property=\"og:url\" content=\"https:\/\/www.desuet.fr\/en\/produit\/art-brut-round-bowl\/\" \/>\n<meta property=\"og:site_name\" content=\"DESUET : Brocante et objet\" \/>\n<meta property=\"article:modified_time\" content=\"2024-07-31T16:11:52+00:00\" \/>\n<meta property=\"og:image\" content=\"https:\/\/www.desuet.fr\/DESUET2018\/wp-content\/uploads\/2024\/07\/D_212_A.jpg\" \/>\n\t<meta property=\"og:image:width\" content=\"1500\" \/>\n\t<meta property=\"og:image:height\" content=\"1500\" \/>\n\t<meta property=\"og:image:type\" content=\"image\/jpeg\" \/>\n<meta name=\"twitter:card\" content=\"summary_large_image\" \/>\n<meta name=\"twitter:label1\" content=\"Est. reading time\" \/>\n\t<meta name=\"twitter:data1\" content=\"1 minute\" \/>\n<script type=\"application\/ld+json\" class=\"yoast-schema-graph\">{\"@context\":\"https:\\\/\\\/schema.org\",\"@graph\":[{\"@type\":\"WebPage\",\"@id\":\"https:\\\/\\\/www.desuet.fr\\\/en\\\/produit\\\/art-brut-round-bowl\\\/\",\"url\":\"https:\\\/\\\/www.desuet.fr\\\/en\\\/produit\\\/art-brut-round-bowl\\\/\",\"name\":\"Art brut round bowl - DESUET : Brocante et objet\",\"isPartOf\":{\"@id\":\"https:\\\/\\\/www.desuet.fr\\\/#website\"},\"primaryImageOfPage\":{\"@id\":\"https:\\\/\\\/www.desuet.fr\\\/en\\\/produit\\\/art-brut-round-bowl\\\/#primaryimage\"},\"image\":{\"@id\":\"https:\\\/\\\/www.desuet.fr\\\/en\\\/produit\\\/art-brut-round-bowl\\\/#primaryimage\"},\"thumbnailUrl\":\"https:\\\/\\\/www.desuet.fr\\\/DESUET2018\\\/wp-content\\\/uploads\\\/2024\\\/07\\\/D_212_A.jpg\",\"datePublished\":\"2024-07-31T16:11:51+00:00\",\"dateModified\":\"2024-07-31T16:11:52+00:00\",\"breadcrumb\":{\"@id\":\"https:\\\/\\\/www.desuet.fr\\\/en\\\/produit\\\/art-brut-round-bowl\\\/#breadcrumb\"},\"inLanguage\":\"en-US\",\"potentialAction\":[{\"@type\":\"ReadAction\",\"target\":[\"https:\\\/\\\/www.desuet.fr\\\/en\\\/produit\\\/art-brut-round-bowl\\\/\"]}]},{\"@type\":\"ImageObject\",\"inLanguage\":\"en-US\",\"@id\":\"https:\\\/\\\/www.desuet.fr\\\/en\\\/produit\\\/art-brut-round-bowl\\\/#primaryimage\",\"url\":\"https:\\\/\\\/www.desuet.fr\\\/DESUET2018\\\/wp-content\\\/uploads\\\/2024\\\/07\\\/D_212_A.jpg\",\"contentUrl\":\"https:\\\/\\\/www.desuet.fr\\\/DESUET2018\\\/wp-content\\\/uploads\\\/2024\\\/07\\\/D_212_A.jpg\",\"width\":1500,\"height\":1500,\"caption\":\"Coupe Art brut c\u00e9ramique \u00e9maill\u00e9e\"},{\"@type\":\"BreadcrumbList\",\"@id\":\"https:\\\/\\\/www.desuet.fr\\\/en\\\/produit\\\/art-brut-round-bowl\\\/#breadcrumb\",\"itemListElement\":[{\"@type\":\"ListItem\",\"position\":1,\"name\":\"Shop\",\"item\":\"https:\\\/\\\/www.desuet.fr\\\/en\\\/shop\\\/\"},{\"@type\":\"ListItem\",\"position\":2,\"name\":\"Art brut round bowl\"}]},{\"@type\":\"WebSite\",\"@id\":\"https:\\\/\\\/www.desuet.fr\\\/#website\",\"url\":\"https:\\\/\\\/www.desuet.fr\\\/\",\"name\":\"DESUET : Brocante et objet\",\"description\":\"Vente en ligne meubles et objets d\u00e9cos\",\"publisher\":{\"@id\":\"https:\\\/\\\/www.desuet.fr\\\/#organization\"},\"potentialAction\":[{\"@type\":\"SearchAction\",\"target\":{\"@type\":\"EntryPoint\",\"urlTemplate\":\"https:\\\/\\\/www.desuet.fr\\\/?s={search_term_string}\"},\"query-input\":{\"@type\":\"PropertyValueSpecification\",\"valueRequired\":true,\"valueName\":\"search_term_string\"}}],\"inLanguage\":\"en-US\"},{\"@type\":\"Organization\",\"@id\":\"https:\\\/\\\/www.desuet.fr\\\/#organization\",\"name\":\"DESUET : Brocante et objet\",\"url\":\"https:\\\/\\\/www.desuet.fr\\\/\",\"logo\":{\"@type\":\"ImageObject\",\"inLanguage\":\"en-US\",\"@id\":\"https:\\\/\\\/www.desuet.fr\\\/#\\\/schema\\\/logo\\\/image\\\/\",\"url\":\"https:\\\/\\\/www.desuet.fr\\\/DESUET2018\\\/wp-content\\\/uploads\\\/2024\\\/01\\\/desuetLogo.svg\",\"contentUrl\":\"https:\\\/\\\/www.desuet.fr\\\/DESUET2018\\\/wp-content\\\/uploads\\\/2024\\\/01\\\/desuetLogo.svg\",\"caption\":\"DESUET : Brocante et objet\"},\"image\":{\"@id\":\"https:\\\/\\\/www.desuet.fr\\\/#\\\/schema\\\/logo\\\/image\\\/\"}}]}<\/script>\n<!-- \/ Yoast SEO plugin. -->","yoast_head_json":{"title":"Art brut round bowl - DESUET : Brocante et objet","robots":{"index":"index","follow":"follow","max-snippet":"max-snippet:-1","max-image-preview":"max-image-preview:large","max-video-preview":"max-video-preview:-1"},"canonical":"https:\/\/www.desuet.fr\/en\/produit\/art-brut-round-bowl\/","og_locale":"en_US","og_type":"article","og_title":"Art brut round bowl - DESUET : Brocante et objet","og_description":"Large round bowl in enamelled earthenware.  Very good condition.  H. 12.5 cm D. 27 cm","og_url":"https:\/\/www.desuet.fr\/en\/produit\/art-brut-round-bowl\/","og_site_name":"DESUET : Brocante et objet","article_modified_time":"2024-07-31T16:11:52+00:00","og_image":[{"width":1500,"height":1500,"url":"https:\/\/www.desuet.fr\/DESUET2018\/wp-content\/uploads\/2024\/07\/D_212_A.jpg","type":"image\/jpeg"}],"twitter_card":"summary_large_image","twitter_misc":{"Est. reading time":"1 minute"},"schema":{"@context":"https:\/\/schema.org","@graph":[{"@type":"WebPage","@id":"https:\/\/www.desuet.fr\/en\/produit\/art-brut-round-bowl\/","url":"https:\/\/www.desuet.fr\/en\/produit\/art-brut-round-bowl\/","name":"Art brut round bowl - DESUET : Brocante et objet","isPartOf":{"@id":"https:\/\/www.desuet.fr\/#website"},"primaryImageOfPage":{"@id":"https:\/\/www.desuet.fr\/en\/produit\/art-brut-round-bowl\/#primaryimage"},"image":{"@id":"https:\/\/www.desuet.fr\/en\/produit\/art-brut-round-bowl\/#primaryimage"},"thumbnailUrl":"https:\/\/www.desuet.fr\/DESUET2018\/wp-content\/uploads\/2024\/07\/D_212_A.jpg","datePublished":"2024-07-31T16:11:51+00:00","dateModified":"2024-07-31T16:11:52+00:00","breadcrumb":{"@id":"https:\/\/www.desuet.fr\/en\/produit\/art-brut-round-bowl\/#breadcrumb"},"inLanguage":"en-US","potentialAction":[{"@type":"ReadAction","target":["https:\/\/www.desuet.fr\/en\/produit\/art-brut-round-bowl\/"]}]},{"@type":"ImageObject","inLanguage":"en-US","@id":"https:\/\/www.desuet.fr\/en\/produit\/art-brut-round-bowl\/#primaryimage","url":"https:\/\/www.desuet.fr\/DESUET2018\/wp-content\/uploads\/2024\/07\/D_212_A.jpg","contentUrl":"https:\/\/www.desuet.fr\/DESUET2018\/wp-content\/uploads\/2024\/07\/D_212_A.jpg","width":1500,"height":1500,"caption":"Coupe Art brut c\u00e9ramique \u00e9maill\u00e9e"},{"@type":"BreadcrumbList","@id":"https:\/\/www.desuet.fr\/en\/produit\/art-brut-round-bowl\/#breadcrumb","itemListElement":[{"@type":"ListItem","position":1,"name":"Shop","item":"https:\/\/www.desuet.fr\/en\/shop\/"},{"@type":"ListItem","position":2,"name":"Art brut round bowl"}]},{"@type":"WebSite","@id":"https:\/\/www.desuet.fr\/#website","url":"https:\/\/www.desuet.fr\/","name":"DESUET : Brocante et objet","description":"Vente en ligne meubles et objets d\u00e9cos","publisher":{"@id":"https:\/\/www.desuet.fr\/#organization"},"potentialAction":[{"@type":"SearchAction","target":{"@type":"EntryPoint","urlTemplate":"https:\/\/www.desuet.fr\/?s={search_term_string}"},"query-input":{"@type":"PropertyValueSpecification","valueRequired":true,"valueName":"search_term_string"}}],"inLanguage":"en-US"},{"@type":"Organization","@id":"https:\/\/www.desuet.fr\/#organization","name":"DESUET : Brocante et objet","url":"https:\/\/www.desuet.fr\/","logo":{"@type":"ImageObject","inLanguage":"en-US","@id":"https:\/\/www.desuet.fr\/#\/schema\/logo\/image\/","url":"https:\/\/www.desuet.fr\/DESUET2018\/wp-content\/uploads\/2024\/01\/desuetLogo.svg","contentUrl":"https:\/\/www.desuet.fr\/DESUET2018\/wp-content\/uploads\/2024\/01\/desuetLogo.svg","caption":"DESUET : Brocante et objet"},"image":{"@id":"https:\/\/www.desuet.fr\/#\/schema\/logo\/image\/"}}]}},"_links":{"self":[{"href":"https:\/\/www.desuet.fr\/en\/wp-json\/wp\/v2\/product\/39872","targetHints":{"allow":["GET"]}}],"collection":[{"href":"https:\/\/www.desuet.fr\/en\/wp-json\/wp\/v2\/product"}],"about":[{"href":"https:\/\/www.desuet.fr\/en\/wp-json\/wp\/v2\/types\/product"}],"wp:featuredmedia":[{"embeddable":true,"href":"https:\/\/www.desuet.fr\/en\/wp-json\/wp\/v2\/media\/39859"}],"wp:attachment":[{"href":"https:\/\/www.desuet.fr\/en\/wp-json\/wp\/v2\/media?parent=39872"}],"wp:term":[{"taxonomy":"product_brand","embeddable":true,"href":"https:\/\/www.desuet.fr\/en\/wp-json\/wp\/v2\/product_brand?post=39872"},{"taxonomy":"product_cat","embeddable":true,"href":"https:\/\/www.desuet.fr\/en\/wp-json\/wp\/v2\/product_cat?post=39872"},{"taxonomy":"product_tag","embeddable":true,"href":"https:\/\/www.desuet.fr\/en\/wp-json\/wp\/v2\/product_tag?post=39872"}],"curies":[{"name":"wp","href":"https:\/\/api.w.org\/{rel}","templated":true}]}}