{"id":50727,"date":"2025-09-18T11:04:39","date_gmt":"2025-09-18T09:04:39","guid":{"rendered":"https:\/\/www.desuet.fr\/?post_type=product&#038;p=50727"},"modified":"2025-10-01T18:38:58","modified_gmt":"2025-10-01T16:38:58","slug":"composition-au-chien","status":"publish","type":"product","link":"https:\/\/www.desuet.fr\/en\/produit\/composition-au-chien\/","title":{"rendered":"Composition au chien"},"content":{"rendered":"<ol>\n<li class=\"p1\"><span class=\"s1\">Vase rouleau en c\u00e9ramique \u00e9maill\u00e9e \u00e0 d\u00e9cor abstrait &#8211; H. 31 cm D. 11 cm<span class=\"Apple-converted-space\"> \u00a0<\/span><\/span><\/li>\n<\/ol>\n<p class=\"p2\"><span class=\"s1\">\u00a0 \u00a0 \u00a0 \u00a0 \u00a0 2. Vase en gr\u00e8s effet m\u00e9tal &#8211; <\/span><span class=\"s2\">H. 22 cm D. 13 cm<span class=\"Apple-converted-space\"> \u00a0<\/span><\/span><\/p>\n<p class=\"p1\"><span class=\"s1\">\u00a0 \u00a0 \u00a0 \u00a0 \u00a0 3. Plat en c\u00e9ramique \u00e0 gla\u00e7ure mordor\u00e9e \u00e0 d\u00e9cor de chien &#8211; H. 6 cm D. 29 cm\u00a0<\/span><\/p>\n","protected":false},"excerpt":{"rendered":"<ol>\n<li class=\"p1\"><span class=\"s1\">Vase rouleau en c\u00e9ramique \u00e9maill\u00e9e \u00e0 d\u00e9cor abstrait &#8211; H. 31 cm D. 11 cm<span class=\"Apple-converted-space\"> \u00a0<\/span><\/span><\/li>\n<\/ol>\n<p class=\"p2\"><span class=\"s1\">\u00a0 \u00a0 \u00a0 \u00a0 \u00a0 2. Vase en gr\u00e8s effet m\u00e9tal &#8211; <\/span><span class=\"s2\">H. 22 cm D. 13 cm<span class=\"Apple-converted-space\"> \u00a0<\/span><\/span><\/p>\n<p class=\"p1\"><span class=\"s1\">\u00a0 \u00a0 \u00a0 \u00a0 \u00a0 3. Plat en c\u00e9ramique \u00e0 gla\u00e7ure mordor\u00e9e \u00e0 d\u00e9cor de chien &#8211; H. 6 cm D. 29 cm\u00a0<\/span><\/p>\n","protected":false},"featured_media":50728,"template":"","meta":{"inline_featured_image":false},"product_brand":[],"product_cat":[15,54,16],"product_tag":[],"class_list":{"0":"post-50727","1":"product","2":"type-product","3":"status-publish","4":"has-post-thumbnail","6":"product_cat-non-classe","7":"product_cat-art-objets","8":"product_cat-interieur","9":"product_shipping_class-cl","11":"first","12":"instock","13":"purchasable","14":"product-type-variable"},"yoast_head":"<!-- This site is optimized with the Yoast SEO plugin v27.3 - https:\/\/yoast.com\/product\/yoast-seo-wordpress\/ -->\n<title>Composition au chien - DESUET : Brocante et objet<\/title>\n<meta name=\"robots\" content=\"index, follow, max-snippet:-1, max-image-preview:large, max-video-preview:-1\" \/>\n<link rel=\"canonical\" href=\"https:\/\/www.desuet.fr\/produit\/composition-au-chien\/\" \/>\n<meta property=\"og:locale\" content=\"en_US\" \/>\n<meta property=\"og:type\" content=\"article\" \/>\n<meta property=\"og:title\" content=\"Composition au chien - DESUET : Brocante et objet\" \/>\n<meta property=\"og:description\" content=\"Vase rouleau en c\u00e9ramique \u00e9maill\u00e9e \u00e0 d\u00e9cor abstrait - H. 31 cm D. 11 cm \u00a0  \u00a0 \u00a0 \u00a0 \u00a0 \u00a0 2. Vase en gr\u00e8s effet m\u00e9tal - H. 22 cm D. 13 cm \u00a0 \u00a0 \u00a0 \u00a0 \u00a0 \u00a0 3. Plat en c\u00e9ramique \u00e0 gla\u00e7ure mordor\u00e9e \u00e0 d\u00e9cor de chien - H. 6 cm D. 29 cm\u00a0\" \/>\n<meta property=\"og:url\" content=\"https:\/\/www.desuet.fr\/produit\/composition-au-chien\/\" \/>\n<meta property=\"og:site_name\" content=\"DESUET : Brocante et objet\" \/>\n<meta property=\"article:modified_time\" content=\"2025-10-01T16:38:58+00:00\" \/>\n<meta property=\"og:image\" content=\"https:\/\/www.desuet.fr\/DESUET2018\/wp-content\/uploads\/2025\/09\/D_684_A.jpg\" \/>\n\t<meta property=\"og:image:width\" content=\"1500\" \/>\n\t<meta property=\"og:image:height\" content=\"1500\" \/>\n\t<meta property=\"og:image:type\" content=\"image\/jpeg\" \/>\n<meta name=\"twitter:card\" content=\"summary_large_image\" \/>\n<meta name=\"twitter:label1\" content=\"Est. reading time\" \/>\n\t<meta name=\"twitter:data1\" content=\"1 minute\" \/>\n<script type=\"application\/ld+json\" class=\"yoast-schema-graph\">{\"@context\":\"https:\\\/\\\/schema.org\",\"@graph\":[{\"@type\":\"WebPage\",\"@id\":\"https:\\\/\\\/www.desuet.fr\\\/produit\\\/composition-au-chien\\\/\",\"url\":\"https:\\\/\\\/www.desuet.fr\\\/produit\\\/composition-au-chien\\\/\",\"name\":\"Composition au chien - DESUET : Brocante et objet\",\"isPartOf\":{\"@id\":\"https:\\\/\\\/www.desuet.fr\\\/#website\"},\"primaryImageOfPage\":{\"@id\":\"https:\\\/\\\/www.desuet.fr\\\/produit\\\/composition-au-chien\\\/#primaryimage\"},\"image\":{\"@id\":\"https:\\\/\\\/www.desuet.fr\\\/produit\\\/composition-au-chien\\\/#primaryimage\"},\"thumbnailUrl\":\"https:\\\/\\\/www.desuet.fr\\\/DESUET2018\\\/wp-content\\\/uploads\\\/2025\\\/09\\\/D_684_A.jpg\",\"datePublished\":\"2025-09-18T09:04:39+00:00\",\"dateModified\":\"2025-10-01T16:38:58+00:00\",\"breadcrumb\":{\"@id\":\"https:\\\/\\\/www.desuet.fr\\\/produit\\\/composition-au-chien\\\/#breadcrumb\"},\"inLanguage\":\"en-US\",\"potentialAction\":[{\"@type\":\"ReadAction\",\"target\":[\"https:\\\/\\\/www.desuet.fr\\\/produit\\\/composition-au-chien\\\/\"]}]},{\"@type\":\"ImageObject\",\"inLanguage\":\"en-US\",\"@id\":\"https:\\\/\\\/www.desuet.fr\\\/produit\\\/composition-au-chien\\\/#primaryimage\",\"url\":\"https:\\\/\\\/www.desuet.fr\\\/DESUET2018\\\/wp-content\\\/uploads\\\/2025\\\/09\\\/D_684_A.jpg\",\"contentUrl\":\"https:\\\/\\\/www.desuet.fr\\\/DESUET2018\\\/wp-content\\\/uploads\\\/2025\\\/09\\\/D_684_A.jpg\",\"width\":1500,\"height\":1500},{\"@type\":\"BreadcrumbList\",\"@id\":\"https:\\\/\\\/www.desuet.fr\\\/produit\\\/composition-au-chien\\\/#breadcrumb\",\"itemListElement\":[{\"@type\":\"ListItem\",\"position\":1,\"name\":\"Shop\",\"item\":\"https:\\\/\\\/www.desuet.fr\\\/en\\\/shop\\\/\"},{\"@type\":\"ListItem\",\"position\":2,\"name\":\"Composition au chien\"}]},{\"@type\":\"WebSite\",\"@id\":\"https:\\\/\\\/www.desuet.fr\\\/#website\",\"url\":\"https:\\\/\\\/www.desuet.fr\\\/\",\"name\":\"DESUET : Brocante et objet\",\"description\":\"Vente en ligne meubles et objets d\u00e9cos\",\"publisher\":{\"@id\":\"https:\\\/\\\/www.desuet.fr\\\/#organization\"},\"potentialAction\":[{\"@type\":\"SearchAction\",\"target\":{\"@type\":\"EntryPoint\",\"urlTemplate\":\"https:\\\/\\\/www.desuet.fr\\\/?s={search_term_string}\"},\"query-input\":{\"@type\":\"PropertyValueSpecification\",\"valueRequired\":true,\"valueName\":\"search_term_string\"}}],\"inLanguage\":\"en-US\"},{\"@type\":\"Organization\",\"@id\":\"https:\\\/\\\/www.desuet.fr\\\/#organization\",\"name\":\"DESUET : Brocante et objet\",\"url\":\"https:\\\/\\\/www.desuet.fr\\\/\",\"logo\":{\"@type\":\"ImageObject\",\"inLanguage\":\"en-US\",\"@id\":\"https:\\\/\\\/www.desuet.fr\\\/#\\\/schema\\\/logo\\\/image\\\/\",\"url\":\"https:\\\/\\\/www.desuet.fr\\\/DESUET2018\\\/wp-content\\\/uploads\\\/2024\\\/01\\\/desuetLogo.svg\",\"contentUrl\":\"https:\\\/\\\/www.desuet.fr\\\/DESUET2018\\\/wp-content\\\/uploads\\\/2024\\\/01\\\/desuetLogo.svg\",\"caption\":\"DESUET : Brocante et objet\"},\"image\":{\"@id\":\"https:\\\/\\\/www.desuet.fr\\\/#\\\/schema\\\/logo\\\/image\\\/\"}}]}<\/script>\n<!-- \/ Yoast SEO plugin. -->","yoast_head_json":{"title":"Composition au chien - DESUET : Brocante et objet","robots":{"index":"index","follow":"follow","max-snippet":"max-snippet:-1","max-image-preview":"max-image-preview:large","max-video-preview":"max-video-preview:-1"},"canonical":"https:\/\/www.desuet.fr\/produit\/composition-au-chien\/","og_locale":"en_US","og_type":"article","og_title":"Composition au chien - DESUET : Brocante et objet","og_description":"Vase rouleau en c\u00e9ramique \u00e9maill\u00e9e \u00e0 d\u00e9cor abstrait - H. 31 cm D. 11 cm \u00a0  \u00a0 \u00a0 \u00a0 \u00a0 \u00a0 2. Vase en gr\u00e8s effet m\u00e9tal - H. 22 cm D. 13 cm \u00a0 \u00a0 \u00a0 \u00a0 \u00a0 \u00a0 3. Plat en c\u00e9ramique \u00e0 gla\u00e7ure mordor\u00e9e \u00e0 d\u00e9cor de chien - H. 6 cm D. 29 cm\u00a0","og_url":"https:\/\/www.desuet.fr\/produit\/composition-au-chien\/","og_site_name":"DESUET : Brocante et objet","article_modified_time":"2025-10-01T16:38:58+00:00","og_image":[{"width":1500,"height":1500,"url":"https:\/\/www.desuet.fr\/DESUET2018\/wp-content\/uploads\/2025\/09\/D_684_A.jpg","type":"image\/jpeg"}],"twitter_card":"summary_large_image","twitter_misc":{"Est. reading time":"1 minute"},"schema":{"@context":"https:\/\/schema.org","@graph":[{"@type":"WebPage","@id":"https:\/\/www.desuet.fr\/produit\/composition-au-chien\/","url":"https:\/\/www.desuet.fr\/produit\/composition-au-chien\/","name":"Composition au chien - DESUET : Brocante et objet","isPartOf":{"@id":"https:\/\/www.desuet.fr\/#website"},"primaryImageOfPage":{"@id":"https:\/\/www.desuet.fr\/produit\/composition-au-chien\/#primaryimage"},"image":{"@id":"https:\/\/www.desuet.fr\/produit\/composition-au-chien\/#primaryimage"},"thumbnailUrl":"https:\/\/www.desuet.fr\/DESUET2018\/wp-content\/uploads\/2025\/09\/D_684_A.jpg","datePublished":"2025-09-18T09:04:39+00:00","dateModified":"2025-10-01T16:38:58+00:00","breadcrumb":{"@id":"https:\/\/www.desuet.fr\/produit\/composition-au-chien\/#breadcrumb"},"inLanguage":"en-US","potentialAction":[{"@type":"ReadAction","target":["https:\/\/www.desuet.fr\/produit\/composition-au-chien\/"]}]},{"@type":"ImageObject","inLanguage":"en-US","@id":"https:\/\/www.desuet.fr\/produit\/composition-au-chien\/#primaryimage","url":"https:\/\/www.desuet.fr\/DESUET2018\/wp-content\/uploads\/2025\/09\/D_684_A.jpg","contentUrl":"https:\/\/www.desuet.fr\/DESUET2018\/wp-content\/uploads\/2025\/09\/D_684_A.jpg","width":1500,"height":1500},{"@type":"BreadcrumbList","@id":"https:\/\/www.desuet.fr\/produit\/composition-au-chien\/#breadcrumb","itemListElement":[{"@type":"ListItem","position":1,"name":"Shop","item":"https:\/\/www.desuet.fr\/en\/shop\/"},{"@type":"ListItem","position":2,"name":"Composition au chien"}]},{"@type":"WebSite","@id":"https:\/\/www.desuet.fr\/#website","url":"https:\/\/www.desuet.fr\/","name":"DESUET : Brocante et objet","description":"Vente en ligne meubles et objets d\u00e9cos","publisher":{"@id":"https:\/\/www.desuet.fr\/#organization"},"potentialAction":[{"@type":"SearchAction","target":{"@type":"EntryPoint","urlTemplate":"https:\/\/www.desuet.fr\/?s={search_term_string}"},"query-input":{"@type":"PropertyValueSpecification","valueRequired":true,"valueName":"search_term_string"}}],"inLanguage":"en-US"},{"@type":"Organization","@id":"https:\/\/www.desuet.fr\/#organization","name":"DESUET : Brocante et objet","url":"https:\/\/www.desuet.fr\/","logo":{"@type":"ImageObject","inLanguage":"en-US","@id":"https:\/\/www.desuet.fr\/#\/schema\/logo\/image\/","url":"https:\/\/www.desuet.fr\/DESUET2018\/wp-content\/uploads\/2024\/01\/desuetLogo.svg","contentUrl":"https:\/\/www.desuet.fr\/DESUET2018\/wp-content\/uploads\/2024\/01\/desuetLogo.svg","caption":"DESUET : Brocante et objet"},"image":{"@id":"https:\/\/www.desuet.fr\/#\/schema\/logo\/image\/"}}]}},"_links":{"self":[{"href":"https:\/\/www.desuet.fr\/en\/wp-json\/wp\/v2\/product\/50727","targetHints":{"allow":["GET"]}}],"collection":[{"href":"https:\/\/www.desuet.fr\/en\/wp-json\/wp\/v2\/product"}],"about":[{"href":"https:\/\/www.desuet.fr\/en\/wp-json\/wp\/v2\/types\/product"}],"wp:featuredmedia":[{"embeddable":true,"href":"https:\/\/www.desuet.fr\/en\/wp-json\/wp\/v2\/media\/50728"}],"wp:attachment":[{"href":"https:\/\/www.desuet.fr\/en\/wp-json\/wp\/v2\/media?parent=50727"}],"wp:term":[{"taxonomy":"product_brand","embeddable":true,"href":"https:\/\/www.desuet.fr\/en\/wp-json\/wp\/v2\/product_brand?post=50727"},{"taxonomy":"product_cat","embeddable":true,"href":"https:\/\/www.desuet.fr\/en\/wp-json\/wp\/v2\/product_cat?post=50727"},{"taxonomy":"product_tag","embeddable":true,"href":"https:\/\/www.desuet.fr\/en\/wp-json\/wp\/v2\/product_tag?post=50727"}],"curies":[{"name":"wp","href":"https:\/\/api.w.org\/{rel}","templated":true}]}}