{"id":54561,"date":"2026-02-26T12:35:28","date_gmt":"2026-02-26T11:35:28","guid":{"rendered":"https:\/\/www.desuet.fr\/?post_type=product&#038;p=54561"},"modified":"2026-02-26T10:38:04","modified_gmt":"2026-02-26T09:38:04","slug":"stained-oak-dining-table","status":"publish","type":"product","link":"https:\/\/www.desuet.fr\/en\/produit\/stained-oak-dining-table\/","title":{"rendered":"Stained oak dining table"},"content":{"rendered":"<p>Stained oak dining table with a rectangular top resting on four carved, angled legs.<br \/>\nFrance, circa 1940\/50.<\/p>\n<p>H. 76 cm W. 126.5 cm D. 81 cm<br \/>\nTable extended: H. 75 cm W. 197 cm D. 81 cm<br \/>\nTop with Italian-style extensions (35 cm each).<\/p>\n","protected":false},"excerpt":{"rendered":"<p>Stained oak dining table with a rectangular top resting on four carved, angled legs.<br \/>\nFrance, circa 1940\/50.<\/p>\n<p>H. 76 cm W. 126.5 cm D. 81 cm<br \/>\nTable extended: H. 75 cm W. 197 cm D. 81 cm<br \/>\nTop with Italian-style extensions (35 cm each).<\/p>\n","protected":false},"featured_media":54551,"template":"","meta":{"inline_featured_image":false},"product_brand":[],"product_cat":[72,140],"product_tag":[],"class_list":{"0":"post-54561","1":"product","2":"type-product","3":"status-publish","4":"has-post-thumbnail","6":"product_cat-interior","7":"product_cat-tables-en","8":"product_shipping_class-transporteur-uniquement","10":"first","11":"outofstock","12":"purchasable","13":"product-type-simple"},"yoast_head":"<!-- This site is optimized with the Yoast SEO plugin v27.3 - https:\/\/yoast.com\/product\/yoast-seo-wordpress\/ -->\n<title>Stained oak dining table - DESUET : Brocante et objet<\/title>\n<meta name=\"robots\" content=\"index, follow, max-snippet:-1, max-image-preview:large, max-video-preview:-1\" \/>\n<link rel=\"canonical\" href=\"https:\/\/www.desuet.fr\/en\/produit\/stained-oak-dining-table\/\" \/>\n<meta property=\"og:locale\" content=\"en_US\" \/>\n<meta property=\"og:type\" content=\"article\" \/>\n<meta property=\"og:title\" content=\"Stained oak dining table - DESUET : Brocante et objet\" \/>\n<meta property=\"og:description\" content=\"Stained oak dining table with a rectangular top resting on four carved, angled legs. France, circa 1940\/50.  H. 76 cm W. 126.5 cm D. 81 cm Table extended: H. 75 cm W. 197 cm D. 81 cm Top with Italian-style extensions (35 cm each).\" \/>\n<meta property=\"og:url\" content=\"https:\/\/www.desuet.fr\/en\/produit\/stained-oak-dining-table\/\" \/>\n<meta property=\"og:site_name\" content=\"DESUET : Brocante et objet\" \/>\n<meta property=\"og:image\" content=\"https:\/\/www.desuet.fr\/DESUET2018\/wp-content\/uploads\/2026\/02\/D_820_A-1.jpg\" \/>\n\t<meta property=\"og:image:width\" content=\"1500\" \/>\n\t<meta property=\"og:image:height\" content=\"1500\" \/>\n\t<meta property=\"og:image:type\" content=\"image\/jpeg\" \/>\n<meta name=\"twitter:card\" content=\"summary_large_image\" \/>\n<meta name=\"twitter:label1\" content=\"Est. reading time\" \/>\n\t<meta name=\"twitter:data1\" content=\"1 minute\" \/>\n<script type=\"application\/ld+json\" class=\"yoast-schema-graph\">{\"@context\":\"https:\\\/\\\/schema.org\",\"@graph\":[{\"@type\":\"WebPage\",\"@id\":\"https:\\\/\\\/www.desuet.fr\\\/en\\\/produit\\\/stained-oak-dining-table\\\/\",\"url\":\"https:\\\/\\\/www.desuet.fr\\\/en\\\/produit\\\/stained-oak-dining-table\\\/\",\"name\":\"Stained oak dining table - DESUET : Brocante et objet\",\"isPartOf\":{\"@id\":\"https:\\\/\\\/www.desuet.fr\\\/#website\"},\"primaryImageOfPage\":{\"@id\":\"https:\\\/\\\/www.desuet.fr\\\/en\\\/produit\\\/stained-oak-dining-table\\\/#primaryimage\"},\"image\":{\"@id\":\"https:\\\/\\\/www.desuet.fr\\\/en\\\/produit\\\/stained-oak-dining-table\\\/#primaryimage\"},\"thumbnailUrl\":\"https:\\\/\\\/www.desuet.fr\\\/DESUET2018\\\/wp-content\\\/uploads\\\/2026\\\/02\\\/D_820_A-1.jpg\",\"datePublished\":\"2026-02-26T11:35:28+00:00\",\"breadcrumb\":{\"@id\":\"https:\\\/\\\/www.desuet.fr\\\/en\\\/produit\\\/stained-oak-dining-table\\\/#breadcrumb\"},\"inLanguage\":\"en-US\",\"potentialAction\":[{\"@type\":\"ReadAction\",\"target\":[\"https:\\\/\\\/www.desuet.fr\\\/en\\\/produit\\\/stained-oak-dining-table\\\/\"]}]},{\"@type\":\"ImageObject\",\"inLanguage\":\"en-US\",\"@id\":\"https:\\\/\\\/www.desuet.fr\\\/en\\\/produit\\\/stained-oak-dining-table\\\/#primaryimage\",\"url\":\"https:\\\/\\\/www.desuet.fr\\\/DESUET2018\\\/wp-content\\\/uploads\\\/2026\\\/02\\\/D_820_A-1.jpg\",\"contentUrl\":\"https:\\\/\\\/www.desuet.fr\\\/DESUET2018\\\/wp-content\\\/uploads\\\/2026\\\/02\\\/D_820_A-1.jpg\",\"width\":1500,\"height\":1500,\"caption\":\"Table \u00e0 d\u00eener en ch\u00eane courtray\"},{\"@type\":\"BreadcrumbList\",\"@id\":\"https:\\\/\\\/www.desuet.fr\\\/en\\\/produit\\\/stained-oak-dining-table\\\/#breadcrumb\",\"itemListElement\":[{\"@type\":\"ListItem\",\"position\":1,\"name\":\"Shop\",\"item\":\"https:\\\/\\\/www.desuet.fr\\\/en\\\/shop\\\/\"},{\"@type\":\"ListItem\",\"position\":2,\"name\":\"Stained oak dining table\"}]},{\"@type\":\"WebSite\",\"@id\":\"https:\\\/\\\/www.desuet.fr\\\/#website\",\"url\":\"https:\\\/\\\/www.desuet.fr\\\/\",\"name\":\"DESUET : Brocante et objet\",\"description\":\"Vente en ligne meubles et objets d\u00e9cos\",\"publisher\":{\"@id\":\"https:\\\/\\\/www.desuet.fr\\\/#organization\"},\"potentialAction\":[{\"@type\":\"SearchAction\",\"target\":{\"@type\":\"EntryPoint\",\"urlTemplate\":\"https:\\\/\\\/www.desuet.fr\\\/?s={search_term_string}\"},\"query-input\":{\"@type\":\"PropertyValueSpecification\",\"valueRequired\":true,\"valueName\":\"search_term_string\"}}],\"inLanguage\":\"en-US\"},{\"@type\":\"Organization\",\"@id\":\"https:\\\/\\\/www.desuet.fr\\\/#organization\",\"name\":\"DESUET : Brocante et objet\",\"url\":\"https:\\\/\\\/www.desuet.fr\\\/\",\"logo\":{\"@type\":\"ImageObject\",\"inLanguage\":\"en-US\",\"@id\":\"https:\\\/\\\/www.desuet.fr\\\/#\\\/schema\\\/logo\\\/image\\\/\",\"url\":\"https:\\\/\\\/www.desuet.fr\\\/DESUET2018\\\/wp-content\\\/uploads\\\/2024\\\/01\\\/desuetLogo.svg\",\"contentUrl\":\"https:\\\/\\\/www.desuet.fr\\\/DESUET2018\\\/wp-content\\\/uploads\\\/2024\\\/01\\\/desuetLogo.svg\",\"caption\":\"DESUET : Brocante et objet\"},\"image\":{\"@id\":\"https:\\\/\\\/www.desuet.fr\\\/#\\\/schema\\\/logo\\\/image\\\/\"}}]}<\/script>\n<!-- \/ Yoast SEO plugin. -->","yoast_head_json":{"title":"Stained oak dining table - DESUET : Brocante et objet","robots":{"index":"index","follow":"follow","max-snippet":"max-snippet:-1","max-image-preview":"max-image-preview:large","max-video-preview":"max-video-preview:-1"},"canonical":"https:\/\/www.desuet.fr\/en\/produit\/stained-oak-dining-table\/","og_locale":"en_US","og_type":"article","og_title":"Stained oak dining table - DESUET : Brocante et objet","og_description":"Stained oak dining table with a rectangular top resting on four carved, angled legs. France, circa 1940\/50.  H. 76 cm W. 126.5 cm D. 81 cm Table extended: H. 75 cm W. 197 cm D. 81 cm Top with Italian-style extensions (35 cm each).","og_url":"https:\/\/www.desuet.fr\/en\/produit\/stained-oak-dining-table\/","og_site_name":"DESUET : Brocante et objet","og_image":[{"width":1500,"height":1500,"url":"https:\/\/www.desuet.fr\/DESUET2018\/wp-content\/uploads\/2026\/02\/D_820_A-1.jpg","type":"image\/jpeg"}],"twitter_card":"summary_large_image","twitter_misc":{"Est. reading time":"1 minute"},"schema":{"@context":"https:\/\/schema.org","@graph":[{"@type":"WebPage","@id":"https:\/\/www.desuet.fr\/en\/produit\/stained-oak-dining-table\/","url":"https:\/\/www.desuet.fr\/en\/produit\/stained-oak-dining-table\/","name":"Stained oak dining table - DESUET : Brocante et objet","isPartOf":{"@id":"https:\/\/www.desuet.fr\/#website"},"primaryImageOfPage":{"@id":"https:\/\/www.desuet.fr\/en\/produit\/stained-oak-dining-table\/#primaryimage"},"image":{"@id":"https:\/\/www.desuet.fr\/en\/produit\/stained-oak-dining-table\/#primaryimage"},"thumbnailUrl":"https:\/\/www.desuet.fr\/DESUET2018\/wp-content\/uploads\/2026\/02\/D_820_A-1.jpg","datePublished":"2026-02-26T11:35:28+00:00","breadcrumb":{"@id":"https:\/\/www.desuet.fr\/en\/produit\/stained-oak-dining-table\/#breadcrumb"},"inLanguage":"en-US","potentialAction":[{"@type":"ReadAction","target":["https:\/\/www.desuet.fr\/en\/produit\/stained-oak-dining-table\/"]}]},{"@type":"ImageObject","inLanguage":"en-US","@id":"https:\/\/www.desuet.fr\/en\/produit\/stained-oak-dining-table\/#primaryimage","url":"https:\/\/www.desuet.fr\/DESUET2018\/wp-content\/uploads\/2026\/02\/D_820_A-1.jpg","contentUrl":"https:\/\/www.desuet.fr\/DESUET2018\/wp-content\/uploads\/2026\/02\/D_820_A-1.jpg","width":1500,"height":1500,"caption":"Table \u00e0 d\u00eener en ch\u00eane courtray"},{"@type":"BreadcrumbList","@id":"https:\/\/www.desuet.fr\/en\/produit\/stained-oak-dining-table\/#breadcrumb","itemListElement":[{"@type":"ListItem","position":1,"name":"Shop","item":"https:\/\/www.desuet.fr\/en\/shop\/"},{"@type":"ListItem","position":2,"name":"Stained oak dining table"}]},{"@type":"WebSite","@id":"https:\/\/www.desuet.fr\/#website","url":"https:\/\/www.desuet.fr\/","name":"DESUET : Brocante et objet","description":"Vente en ligne meubles et objets d\u00e9cos","publisher":{"@id":"https:\/\/www.desuet.fr\/#organization"},"potentialAction":[{"@type":"SearchAction","target":{"@type":"EntryPoint","urlTemplate":"https:\/\/www.desuet.fr\/?s={search_term_string}"},"query-input":{"@type":"PropertyValueSpecification","valueRequired":true,"valueName":"search_term_string"}}],"inLanguage":"en-US"},{"@type":"Organization","@id":"https:\/\/www.desuet.fr\/#organization","name":"DESUET : Brocante et objet","url":"https:\/\/www.desuet.fr\/","logo":{"@type":"ImageObject","inLanguage":"en-US","@id":"https:\/\/www.desuet.fr\/#\/schema\/logo\/image\/","url":"https:\/\/www.desuet.fr\/DESUET2018\/wp-content\/uploads\/2024\/01\/desuetLogo.svg","contentUrl":"https:\/\/www.desuet.fr\/DESUET2018\/wp-content\/uploads\/2024\/01\/desuetLogo.svg","caption":"DESUET : Brocante et objet"},"image":{"@id":"https:\/\/www.desuet.fr\/#\/schema\/logo\/image\/"}}]}},"_links":{"self":[{"href":"https:\/\/www.desuet.fr\/en\/wp-json\/wp\/v2\/product\/54561","targetHints":{"allow":["GET"]}}],"collection":[{"href":"https:\/\/www.desuet.fr\/en\/wp-json\/wp\/v2\/product"}],"about":[{"href":"https:\/\/www.desuet.fr\/en\/wp-json\/wp\/v2\/types\/product"}],"wp:featuredmedia":[{"embeddable":true,"href":"https:\/\/www.desuet.fr\/en\/wp-json\/wp\/v2\/media\/54551"}],"wp:attachment":[{"href":"https:\/\/www.desuet.fr\/en\/wp-json\/wp\/v2\/media?parent=54561"}],"wp:term":[{"taxonomy":"product_brand","embeddable":true,"href":"https:\/\/www.desuet.fr\/en\/wp-json\/wp\/v2\/product_brand?post=54561"},{"taxonomy":"product_cat","embeddable":true,"href":"https:\/\/www.desuet.fr\/en\/wp-json\/wp\/v2\/product_cat?post=54561"},{"taxonomy":"product_tag","embeddable":true,"href":"https:\/\/www.desuet.fr\/en\/wp-json\/wp\/v2\/product_tag?post=54561"}],"curies":[{"name":"wp","href":"https:\/\/api.w.org\/{rel}","templated":true}]}}